{"id":20,"date":"2026-03-31T07:51:06","date_gmt":"2026-03-31T07:51:06","guid":{"rendered":"https:\/\/doblemirada.es\/?page_id=20"},"modified":"2026-04-13T10:54:17","modified_gmt":"2026-04-13T10:54:17","slug":"associazione-culturale","status":"publish","type":"page","link":"https:\/\/doblemirada.es\/index.php\/associazione-culturale\/","title":{"rendered":"Chi siamo"},"content":{"rendered":"\n<div class=\"wp-block-group alignfull is-layout-flow wp-block-group-is-layout-flow\" style=\"margin-top:0;margin-bottom:0;padding-top:var(--wp--preset--spacing--30);padding-right:var(--wp--preset--spacing--50);padding-bottom:var(--wp--preset--spacing--30);padding-left:var(--wp--preset--spacing--50)\">\n<div class=\"wp-block-columns alignwide is-layout-flex wp-container-core-columns-is-layout-1da03c2a wp-block-columns-is-layout-flex\">\n<div class=\"wp-block-column is-vertically-aligned-stretch is-layout-flow wp-block-column-is-layout-flow\" style=\"flex-basis:50%\">\n<div class=\"wp-block-group is-vertical is-content-justification-stretch is-layout-flex wp-container-core-group-is-layout-444d5ee8 wp-block-group-is-layout-flex\" style=\"min-height:100%\">\n<h1 class=\"wp-block-heading has-body-font-family has-xx-large-font-size\" style=\"font-style:normal;font-weight:600\"><strong>IL PROGETTO CULTURALE<\/strong><\/h1>\n<\/div>\n<\/div>\n\n\n\n<div class=\"wp-block-column is-vertically-aligned-center is-layout-flow wp-block-column-is-layout-flow\" style=\"flex-basis:50%\">\n<h2 data-wp-context---core-fit-text=\"core\/fit-text::{&quot;fontSize&quot;:&quot;&quot;}\" data-wp-init---core-fit-text=\"core\/fit-text::callbacks.init\" data-wp-interactive data-wp-style--font-size=\"core\/fit-text::context.fontSize\" class=\"wp-block-heading has-text-align-right has-fit-text\" style=\"font-style:normal;font-weight:300\"><strong>DOBLEMIRADA<\/strong><\/h2>\n<\/div>\n<\/div>\n\n\n\n<div style=\"height:15px\" aria-hidden=\"true\" class=\"wp-block-spacer\"><\/div>\n<\/div>\n\n\n\n<div class=\"wp-block-group alignfull has-base-background-color has-background is-layout-flow wp-block-group-is-layout-flow\" style=\"margin-top:0;margin-bottom:0;padding-top:var(--wp--preset--spacing--40);padding-right:var(--wp--preset--spacing--50);padding-bottom:var(--wp--preset--spacing--40);padding-left:var(--wp--preset--spacing--50)\">\n<div class=\"wp-block-columns alignwide is-layout-flex wp-container-core-columns-is-layout-549b0c86 wp-block-columns-is-layout-flex\">\n<div class=\"wp-block-column is-layout-flow wp-container-core-column-is-layout-119bc444 wp-block-column-is-layout-flow\" style=\"flex-basis:100%\">\n<p class=\"has-heading-font-family has-x-large-font-size\" style=\"line-height:1.2\">L\u2019Associazione&nbsp;culturale <strong>DOBLEMIRADA<\/strong>&nbsp;nasce dal desiderio di creare uno spazio di incontro, dialogo e scambio tra persone, culture ed esperienze diverse. Il nome, che in spagnolo significa \u201cdoppio sguardo\u201d, esprime la nostra missione fondamentale: osservare la realt\u00e0 da una pluralit\u00e0 di punti di vista, superando le prospettive univoche per aprire nuove possibilit\u00e0 di comprensione.<\/p>\n\n\n\n<p class=\"has-heading-font-family has-x-large-font-size\" style=\"line-height:1.2\">In un\u2019epoca caratterizzata da connessioni globali, <strong>DOBLEMIRADA <\/strong>si configura come un luogo in cui lo sguardo si moltiplica e si arricchisce attraverso il confronto con l\u2019altro, riconoscendo nella diversit\u00e0 una risorsa indispensabile per la conoscenza e la creativit\u00e0.<\/p>\n\n\n\n<div style=\"height:19px\" aria-hidden=\"true\" class=\"wp-block-spacer\"><\/div>\n\n\n\n<h2 class=\"wp-block-heading has-body-font-family\" style=\"font-size:clamp(2.331rem, 2.331rem + ((1vw - 0.2rem) * 3.282), 4.3rem);font-style:normal;font-weight:600;text-transform:uppercase\"><strong>DOPPIO sguardo<\/strong> tra Italia e Spagna<\/h2>\n\n\n\n<p class=\"has-heading-font-family has-x-large-font-size\" style=\"line-height:1.2\">Operando attivamente nel territorio di&nbsp;<strong>M\u00e1laga e dell\u2019Andalusia,<\/strong> l\u2019associazione lavora per promuovere un dialogo profondo tra la cultura italiana e quella spagnola. Crediamo fermamente che l\u2019arte e il confronto culturale siano strumenti essenziali per costruire comunit\u00e0 pi\u00f9 aperte, consapevoli e inclusive. <\/p>\n\n\n\n<p class=\"has-heading-font-family has-x-large-font-size\" style=\"line-height:1.2\">La relazione tra Italia e Spagna non viene intesa da <strong>DOBLEMIRADA <\/strong>come un semplice scambio accademico, ma come un&nbsp;processo speculare: ogni cultura si riflette nell\u2019altra, generando nuove letture della contemporaneit\u00e0 e rafforzando il legame tra i due contesti mediterranei. <strong>DOBLEMIRADA <\/strong>intende contribuire alla costruzione di una societ\u00e0 in cui la diversit\u00e0 non rappresenti una distanza, ma una possibilit\u00e0 di arricchimento. <\/p>\n\n\n\n<p class=\"has-heading-font-family has-x-large-font-size\" style=\"line-height:1.2\">Attraverso il nostro \u201cdoppio sguardo\u201d, continuiamo a coltivare uno spazio in cui generare nuove idee, nuove relazioni e nuove forme di convivenza civile e culturale.<\/p>\n<\/div>\n<\/div>\n\n\n\n<div style=\"height:58px\" aria-hidden=\"true\" class=\"wp-block-spacer\"><\/div>\n<\/div>\n\n\n\n<div class=\"wp-block-group alignwide is-layout-flow wp-block-group-is-layout-flow\">\n<h2 class=\"wp-block-heading has-text-align-left has-body-font-family\" style=\"font-size:clamp(2.418rem, 2.418rem + ((1vw - 0.2rem) * 3.47), 4.5rem);font-style:normal;font-weight:600;text-transform:uppercase\">Ambiti di <strong>attivit\u00e0 <\/strong>e <strong>produzione <\/strong>culturale<\/h2>\n\n\n\n<div style=\"height:2px\" aria-hidden=\"true\" class=\"wp-block-spacer\"><\/div>\n\n\n\n<p class=\"has-heading-font-family has-x-large-font-size\" style=\"line-height:1.2\"><strong>DOBLEMIRADA <\/strong>progetta e realizza iniziative che spaziano dall&#8217;arte all&#8217;educazione, concepite come momenti di condivisione e crescita collettiva. L\u2019approccio dell\u2019associazione mira a superare gli stereotipi e le narrazioni semplificate, valorizzando la complessit\u00e0 del mondo contemporaneo attraverso una rete di collaborazioni con istituzioni, universit\u00e0 e realt\u00e0 culturali locali e internazionali.<\/p>\n\n\n\n<div style=\"height:38px\" aria-hidden=\"true\" class=\"wp-block-spacer\"><\/div>\n<\/div>\n\n\n\n<div class=\"wp-block-columns alignwide is-layout-flex wp-container-core-columns-is-layout-d2da2050 wp-block-columns-is-layout-flex\" style=\"margin-bottom:0\">\n<div class=\"wp-block-column is-vertically-aligned-center has-text-color has-background has-link-color wp-elements-5bb2c9e818538a99bff09eacf3a81fda is-layout-flow wp-block-column-is-layout-flow\" style=\"color:#000000;background-color:#d1e0d9;padding-top:2em;padding-right:2em;padding-bottom:2em;padding-left:2em\">\n<h2 class=\"wp-block-heading has-body-font-family\" id=\"family\" style=\"font-size:clamp(24.034px, 1.502rem + ((1vw - 3.2px) * 1.663), 40px);\"><strong><strong>Formazione<\/strong><\/strong><\/h2>\n\n\n\n<div style=\"height:27px\" aria-hidden=\"true\" class=\"wp-block-spacer\"><\/div>\n\n\n\n<hr class=\"wp-block-separator has-css-opacity is-style-wide\"\/>\n\n\n\n<p>Workshop, masterclass e corsi dedicati alla creativit\u00e0 e ai linguaggi audiovisivi.<\/p>\n\n\n\n<div class=\"wp-block-buttons alignfull is-horizontal is-content-justification-center is-layout-flex wp-container-core-buttons-is-layout-03627597 wp-block-buttons-is-layout-flex\">\n<div class=\"wp-block-button has-custom-width wp-block-button__width-100 is-style-fill\"><a class=\"wp-block-button__link has-white-color has-text-color has-background no-border-radius wp-element-button\" style=\"background-color:#000000\">SCOPRI<\/a><\/div>\n<\/div>\n<\/div>\n\n\n\n<div class=\"wp-block-column is-vertically-aligned-stretch has-base-2-background-color has-text-color has-background has-link-color wp-elements-67c79c9025e43870aa257ccf869b41de is-layout-flow wp-block-column-is-layout-flow\" style=\"color:#000000;padding-top:2em;padding-right:2em;padding-bottom:2em;padding-left:2em\">\n<h2 class=\"wp-block-heading has-body-font-family\" id=\"patron\" style=\"font-size:clamp(24.034px, 1.502rem + ((1vw - 3.2px) * 1.663), 40px);\"><strong><strong>Eventi e Rassegne<\/strong><\/strong><\/h2>\n\n\n\n<hr class=\"wp-block-separator has-css-opacity is-style-wide\"\/>\n\n\n\n<p>Rassegne cinematografiche, eventi musicali e mostre artistiche.<\/p>\n\n\n\n<div class=\"wp-block-buttons alignfull is-horizontal is-content-justification-center is-layout-flex wp-container-core-buttons-is-layout-03627597 wp-block-buttons-is-layout-flex\">\n<div class=\"wp-block-button has-custom-width wp-block-button__width-100\"><a class=\"wp-block-button__link has-white-color has-text-color has-background no-border-radius wp-element-button\" style=\"background-color:#000000\">SCOPRI<\/a><\/div>\n<\/div>\n<\/div>\n\n\n\n<div class=\"wp-block-column is-vertically-aligned-stretch has-text-color has-background has-link-color wp-elements-3b1f7e3e7bd45151bf3e39be6988a9b0 is-layout-flow wp-block-column-is-layout-flow\" style=\"color:#000000;background-color:#ec7e5d;padding-top:2em;padding-right:2em;padding-bottom:2em;padding-left:2em\">\n<h2 class=\"wp-block-heading has-body-font-family\" id=\"patron\" style=\"font-size:clamp(24.034px, 1.502rem + ((1vw - 3.2px) * 1.663), 40px);\"><strong><strong><strong>Editoria<\/strong><\/strong><\/strong><\/h2>\n\n\n\n<div style=\"height:29px\" aria-hidden=\"true\" class=\"wp-block-spacer\"><\/div>\n\n\n\n<hr class=\"wp-block-separator has-css-opacity is-style-wide\"\/>\n\n\n\n<p>Produzione di contenuti editoriali e audiovisivi originali.<\/p>\n\n\n\n<div class=\"wp-block-buttons alignfull is-horizontal is-content-justification-center is-layout-flex wp-container-core-buttons-is-layout-03627597 wp-block-buttons-is-layout-flex\">\n<div class=\"wp-block-button has-custom-width wp-block-button__width-100\"><a class=\"wp-block-button__link has-white-color has-text-color has-background no-border-radius wp-element-button\" style=\"background-color:#000000\">SCOPRI<\/a><\/div>\n<\/div>\n<\/div>\n\n\n\n<div class=\"wp-block-column is-vertically-aligned-stretch has-text-color has-background has-link-color wp-elements-84076c7a9c8f54a51514849dd9ad8ff2 is-layout-flow wp-block-column-is-layout-flow\" style=\"color:#000000;background-color:#ffe97d;padding-top:2em;padding-right:2em;padding-bottom:2em;padding-left:2em\">\n<h2 class=\"wp-block-heading has-body-font-family\" id=\"single\" style=\"font-size:clamp(24.034px, 1.502rem + ((1vw - 3.2px) * 1.663), 40px);\"><strong><strong>Incontri e Letteratura<\/strong><\/strong><\/h2>\n\n\n\n<hr class=\"wp-block-separator has-text-color has-css-opacity has-background is-style-wide\" style=\"background-color:#000000;color:#000000\"\/>\n\n\n\n<p>Presentazioni di libri, dialoghi con autori e laboratori di traduzione.<\/p>\n\n\n\n<div class=\"wp-block-buttons alignfull is-horizontal is-content-justification-center is-layout-flex wp-container-core-buttons-is-layout-03627597 wp-block-buttons-is-layout-flex\">\n<div class=\"wp-block-button has-custom-width wp-block-button__width-100\"><a class=\"wp-block-button__link has-white-color has-text-color has-background no-border-radius wp-element-button\" style=\"background-color:#000000\">SCOPRI<\/a><\/div>\n<\/div>\n<\/div>\n<\/div>\n\n\n\n<div class=\"wp-block-group alignfull has-text-color is-layout-flow wp-block-group-is-layout-flow\" style=\"color:#000000;padding-right:var(--wp--preset--spacing--20);padding-left:var(--wp--preset--spacing--20)\">\n<div style=\"height:53px\" aria-hidden=\"true\" class=\"wp-block-spacer\"><\/div>\n\n\n\n<h2 class=\"wp-block-heading has-text-align-left has-body-font-family has-xx-large-font-size\" style=\"padding-right:var(--wp--preset--spacing--50);padding-left:var(--wp--preset--spacing--50);font-style:normal;font-weight:600\"><strong>CONTATTI<\/strong><\/h2>\n\n\n\n<p class=\"has-text-align-left has-heading-font-family has-large-font-size\" style=\"border-style:none;border-width:0px;padding-right:var(--wp--preset--spacing--50);padding-left:var(--wp--preset--spacing--50);line-height:1\">info@doblemirada.es<\/p>\n\n\n\n<ul class=\"wp-block-social-links alignright has-icon-color is-style-logos-only is-content-justification-center is-layout-flex wp-container-core-social-links-is-layout-a89b3969 wp-block-social-links-is-layout-flex\">\n\n<\/ul>\n\n\n\n<div style=\"height:53px\" aria-hidden=\"true\" class=\"wp-block-spacer\"><\/div>\n\n\n\n<div style=\"height:36px\" aria-hidden=\"true\" class=\"wp-block-spacer\"><\/div>\n<\/div>\n","protected":false},"excerpt":{"rendered":"<p>IL PROGETTO CULTURALE DOBLEMIRADA L\u2019Associazione&nbsp;culturale DOBLEMIRADA&nbsp;nasce dal desiderio di creare uno spazio di incontro, dialogo e scambio tra persone, culture ed esperienze diverse. Il nome, che in spagnolo significa \u201cdoppio sguardo\u201d, esprime la nostra missione fondamentale: osservare la realt\u00e0 da una pluralit\u00e0 di punti di vista, superando le prospettive univoche per aprire nuove possibilit\u00e0 di [&hellip;]<\/p>\n","protected":false},"author":1,"featured_media":0,"parent":0,"menu_order":0,"comment_status":"closed","ping_status":"closed","template":"page-no-title","meta":{"footnotes":""},"class_list":["post-20","page","type-page","status-publish","hentry"],"yoast_head":"<!-- This site is optimized with the Yoast SEO plugin v27.3 - https:\/\/yoast.com\/product\/yoast-seo-wordpress\/ -->\n<title>Associazione culturale | DOBLEMIRADA<\/title>\n<meta name=\"description\" content=\"DOBLEMIRADA \u00e8 un\u2019associazione culturale Italia Spagna con sede a M\u00e1laga. Promuove cinema, letteratura e dialogo tra le due culture.\" \/>\n<meta name=\"robots\" content=\"index, follow, max-snippet:-1, max-image-preview:large, max-video-preview:-1\" \/>\n<link rel=\"canonical\" href=\"https:\/\/doblemirada.es\/index.php\/associazione-culturale\/\" \/>\n<meta property=\"og:locale\" content=\"it_IT\" \/>\n<meta property=\"og:type\" content=\"article\" \/>\n<meta property=\"og:title\" content=\"Associazione culturale | DOBLEMIRADA\" \/>\n<meta property=\"og:description\" content=\"DOBLEMIRADA \u00e8 un\u2019associazione culturale Italia Spagna con sede a M\u00e1laga. Promuove cinema, letteratura e dialogo tra le due culture.\" \/>\n<meta property=\"og:url\" content=\"https:\/\/doblemirada.es\/index.php\/associazione-culturale\/\" \/>\n<meta property=\"og:site_name\" content=\"Doblemirada\" \/>\n<meta property=\"article:modified_time\" content=\"2026-04-13T10:54:17+00:00\" \/>\n<meta name=\"twitter:card\" content=\"summary_large_image\" \/>\n<meta name=\"twitter:label1\" content=\"Tempo di lettura stimato\" \/>\n\t<meta name=\"twitter:data1\" content=\"2 minuti\" \/>\n<script type=\"application\/ld+json\" class=\"yoast-schema-graph\">{\"@context\":\"https:\\\/\\\/schema.org\",\"@graph\":[{\"@type\":\"WebPage\",\"@id\":\"https:\\\/\\\/doblemirada.es\\\/index.php\\\/associazione-culturale\\\/\",\"url\":\"https:\\\/\\\/doblemirada.es\\\/index.php\\\/associazione-culturale\\\/\",\"name\":\"Associazione culturale | DOBLEMIRADA\",\"isPartOf\":{\"@id\":\"https:\\\/\\\/doblemirada.es\\\/#website\"},\"datePublished\":\"2026-03-31T07:51:06+00:00\",\"dateModified\":\"2026-04-13T10:54:17+00:00\",\"description\":\"DOBLEMIRADA \u00e8 un\u2019associazione culturale Italia Spagna con sede a M\u00e1laga. Promuove cinema, letteratura e dialogo tra le due culture.\",\"breadcrumb\":{\"@id\":\"https:\\\/\\\/doblemirada.es\\\/index.php\\\/associazione-culturale\\\/#breadcrumb\"},\"inLanguage\":\"it-IT\",\"potentialAction\":[{\"@type\":\"ReadAction\",\"target\":[\"https:\\\/\\\/doblemirada.es\\\/index.php\\\/associazione-culturale\\\/\"]}]},{\"@type\":\"BreadcrumbList\",\"@id\":\"https:\\\/\\\/doblemirada.es\\\/index.php\\\/associazione-culturale\\\/#breadcrumb\",\"itemListElement\":[{\"@type\":\"ListItem\",\"position\":1,\"name\":\"Home\",\"item\":\"https:\\\/\\\/doblemirada.es\\\/\"},{\"@type\":\"ListItem\",\"position\":2,\"name\":\"Chi siamo\"}]},{\"@type\":\"WebSite\",\"@id\":\"https:\\\/\\\/doblemirada.es\\\/#website\",\"url\":\"https:\\\/\\\/doblemirada.es\\\/\",\"name\":\"Doblemirada\",\"description\":\"\",\"potentialAction\":[{\"@type\":\"SearchAction\",\"target\":{\"@type\":\"EntryPoint\",\"urlTemplate\":\"https:\\\/\\\/doblemirada.es\\\/?s={search_term_string}\"},\"query-input\":{\"@type\":\"PropertyValueSpecification\",\"valueRequired\":true,\"valueName\":\"search_term_string\"}}],\"inLanguage\":\"it-IT\"}]}<\/script>\n<!-- \/ Yoast SEO plugin. -->","yoast_head_json":{"title":"Associazione culturale | DOBLEMIRADA","description":"DOBLEMIRADA \u00e8 un\u2019associazione culturale Italia Spagna con sede a M\u00e1laga. Promuove cinema, letteratura e dialogo tra le due culture.","robots":{"index":"index","follow":"follow","max-snippet":"max-snippet:-1","max-image-preview":"max-image-preview:large","max-video-preview":"max-video-preview:-1"},"canonical":"https:\/\/doblemirada.es\/index.php\/associazione-culturale\/","og_locale":"it_IT","og_type":"article","og_title":"Associazione culturale | DOBLEMIRADA","og_description":"DOBLEMIRADA \u00e8 un\u2019associazione culturale Italia Spagna con sede a M\u00e1laga. Promuove cinema, letteratura e dialogo tra le due culture.","og_url":"https:\/\/doblemirada.es\/index.php\/associazione-culturale\/","og_site_name":"Doblemirada","article_modified_time":"2026-04-13T10:54:17+00:00","twitter_card":"summary_large_image","twitter_misc":{"Tempo di lettura stimato":"2 minuti"},"schema":{"@context":"https:\/\/schema.org","@graph":[{"@type":"WebPage","@id":"https:\/\/doblemirada.es\/index.php\/associazione-culturale\/","url":"https:\/\/doblemirada.es\/index.php\/associazione-culturale\/","name":"Associazione culturale | DOBLEMIRADA","isPartOf":{"@id":"https:\/\/doblemirada.es\/#website"},"datePublished":"2026-03-31T07:51:06+00:00","dateModified":"2026-04-13T10:54:17+00:00","description":"DOBLEMIRADA \u00e8 un\u2019associazione culturale Italia Spagna con sede a M\u00e1laga. Promuove cinema, letteratura e dialogo tra le due culture.","breadcrumb":{"@id":"https:\/\/doblemirada.es\/index.php\/associazione-culturale\/#breadcrumb"},"inLanguage":"it-IT","potentialAction":[{"@type":"ReadAction","target":["https:\/\/doblemirada.es\/index.php\/associazione-culturale\/"]}]},{"@type":"BreadcrumbList","@id":"https:\/\/doblemirada.es\/index.php\/associazione-culturale\/#breadcrumb","itemListElement":[{"@type":"ListItem","position":1,"name":"Home","item":"https:\/\/doblemirada.es\/"},{"@type":"ListItem","position":2,"name":"Chi siamo"}]},{"@type":"WebSite","@id":"https:\/\/doblemirada.es\/#website","url":"https:\/\/doblemirada.es\/","name":"Doblemirada","description":"","potentialAction":[{"@type":"SearchAction","target":{"@type":"EntryPoint","urlTemplate":"https:\/\/doblemirada.es\/?s={search_term_string}"},"query-input":{"@type":"PropertyValueSpecification","valueRequired":true,"valueName":"search_term_string"}}],"inLanguage":"it-IT"}]}},"_links":{"self":[{"href":"https:\/\/doblemirada.es\/index.php\/wp-json\/wp\/v2\/pages\/20","targetHints":{"allow":["GET"]}}],"collection":[{"href":"https:\/\/doblemirada.es\/index.php\/wp-json\/wp\/v2\/pages"}],"about":[{"href":"https:\/\/doblemirada.es\/index.php\/wp-json\/wp\/v2\/types\/page"}],"author":[{"embeddable":true,"href":"https:\/\/doblemirada.es\/index.php\/wp-json\/wp\/v2\/users\/1"}],"replies":[{"embeddable":true,"href":"https:\/\/doblemirada.es\/index.php\/wp-json\/wp\/v2\/comments?post=20"}],"version-history":[{"count":33,"href":"https:\/\/doblemirada.es\/index.php\/wp-json\/wp\/v2\/pages\/20\/revisions"}],"predecessor-version":[{"id":293,"href":"https:\/\/doblemirada.es\/index.php\/wp-json\/wp\/v2\/pages\/20\/revisions\/293"}],"wp:attachment":[{"href":"https:\/\/doblemirada.es\/index.php\/wp-json\/wp\/v2\/media?parent=20"}],"curies":[{"name":"wp","href":"https:\/\/api.w.org\/{rel}","templated":true}]}}